{"id":361,"date":"2020-09-24T17:52:43","date_gmt":"2020-09-24T15:52:43","guid":{"rendered":"http:\/\/localhost\/arlenweg\/wordpress-5.5.1\/wordpress\/?page_id=361"},"modified":"2025-11-17T14:19:54","modified_gmt":"2025-11-17T13:19:54","slug":"preise-2","status":"publish","type":"page","link":"https:\/\/www.arlenweg.com\/de\/preise-2\/","title":{"rendered":"Preise"},"content":{"rendered":"\t\t<div data-elementor-type=\"wp-page\" data-elementor-id=\"361\" class=\"elementor elementor-361\" data-elementor-settings=\"[]\">\n\t\t\t\t\t\t<div class=\"elementor-inner\">\n\t\t\t\t\t\t\t<div class=\"elementor-section-wrap\">\n\t\t\t\t\t\t\t<section class=\"elementor-section elementor-top-section elementor-element elementor-element-ede6f42 elementor-section-full_width elementor-section-height-default elementor-section-height-default\" data-id=\"ede6f42\" data-element_type=\"section\" data-settings=\"{&quot;background_background&quot;:&quot;classic&quot;}\">\n\t\t\t\t\t\t\t<div class=\"elementor-background-overlay\"><\/div>\n\t\t\t\t\t\t\t<div class=\"elementor-container elementor-column-gap-default\">\n\t\t\t\t\t\t\t<div class=\"elementor-row\">\n\t\t\t\t\t<div class=\"elementor-column elementor-col-100 elementor-top-column elementor-element elementor-element-bc6a053\" data-id=\"bc6a053\" data-element_type=\"column\">\n\t\t\t<div class=\"elementor-column-wrap elementor-element-populated\">\n\t\t\t\t\t\t\t<div class=\"elementor-widget-wrap\">\n\t\t\t\t\t\t<div class=\"elementor-element elementor-element-32a6ad1b elementor-widget elementor-widget-heading\" data-id=\"32a6ad1b\" data-element_type=\"widget\" data-widget_type=\"heading.default\">\n\t\t\t\t<div class=\"elementor-widget-container\">\n\t\t\t<h1 class=\"elementor-heading-title elementor-size-default\">Preise<\/h1>\t\t<\/div>\n\t\t\t\t<\/div>\n\t\t\t\t\t\t<\/div>\n\t\t\t\t\t<\/div>\n\t\t<\/div>\n\t\t\t\t\t\t\t\t<\/div>\n\t\t\t\t\t<\/div>\n\t\t<\/section>\n\t\t\t\t<section class=\"elementor-section elementor-top-section elementor-element elementor-element-2ec4f4e elementor-section-content-top elementor-section-boxed elementor-section-height-default elementor-section-height-default\" data-id=\"2ec4f4e\" data-element_type=\"section\">\n\t\t\t\t\t\t<div class=\"elementor-container elementor-column-gap-no\">\n\t\t\t\t\t\t\t<div class=\"elementor-row\">\n\t\t\t\t\t<div class=\"elementor-column elementor-col-100 elementor-top-column elementor-element elementor-element-6859214\" data-id=\"6859214\" data-element_type=\"column\">\n\t\t\t<div class=\"elementor-column-wrap elementor-element-populated\">\n\t\t\t\t\t\t\t<div class=\"elementor-widget-wrap\">\n\t\t\t\t\t\t<div class=\"elementor-element elementor-element-475e0e0 elementor-widget elementor-widget-heading\" data-id=\"475e0e0\" data-element_type=\"widget\" data-widget_type=\"heading.default\">\n\t\t\t\t<div class=\"elementor-widget-container\">\n\t\t\t<h2 class=\"elementor-heading-title elementor-size-default\">Winter 2025\/26<\/h2>\t\t<\/div>\n\t\t\t\t<\/div>\n\t\t\t\t<div class=\"elementor-element elementor-element-57310ef elementor-widget elementor-widget-html\" data-id=\"57310ef\" data-element_type=\"widget\" data-widget_type=\"html.default\">\n\t\t\t\t<div class=\"elementor-widget-container\">\n\t\t\t<table>\n    \n        <tr>\n        <td><\/td>\n      \n        <td>Neujahr & Fasching<\/td>\n        <td>Winter I<\/td>\n        <td>Winter II<\/td>\n        <td>Winter III<\/td>\n    <\/tr>\n    <tr>\n        <td><\/td>\n      \n        <td>27.12.2025 \u2013 03.01.2026<br>\n14.02.2026 \u2013 21.02.2026<\/td>\n        <td>\t\n20.12.2025 \u2013 27.12.2025<br>\n       24.01.2026 \u2013 14.02.2026<br>21.02.2026 \u2013 21.03.2026<\/td>\n        <td>\t\n13.12.2025 \u2013 20.12.2025<br>03.01.2026 \u2013 24.01.2026<br>21.03.2026 \u2013 04.04.2026<\/td>\n        <td>01.12.2025 \u2013 13.12.2025<br>\t\n04.04.2026 \u2013 19.04.2026<\/td>\n    <\/tr>\n    <tr>\n        <td><b>Doppel-\n   \/Dreibettzimmer<\/b><\/td>\n        <td>ab 63,--<\/td>\n        <td>ab 61,--<\/td>\n        <td>ab 58,--<\/td>\n        <td>ab 53,--<\/td>\n    <\/tr>\n        <tr>\n        <td><b>Einzelzimmer<\/b><\/td>\n        <td>ab 68,--<\/td>\n        <td>ab 66,--<\/td>\n        <td>ab 62,--<\/td>\n        <td>ab 58,--<\/td>\n    <\/tr>\n        <tr>\n        <td><b>Appartement<\/b><\/td>\n        <td>ab 252,--<\/td>\n        <td>ab 244,--<\/td>\n        <td>ab 232,--<\/td>\n        <td>ab 212,--<\/td>\n    <\/tr>\n\n    \n<\/table>\t\t<\/div>\n\t\t\t\t<\/div>\n\t\t\t\t\t\t<\/div>\n\t\t\t\t\t<\/div>\n\t\t<\/div>\n\t\t\t\t\t\t\t\t<\/div>\n\t\t\t\t\t<\/div>\n\t\t<\/section>\n\t\t\t\t<section class=\"elementor-section elementor-top-section elementor-element elementor-element-9e89b78 elementor-section-boxed elementor-section-height-default elementor-section-height-default\" data-id=\"9e89b78\" data-element_type=\"section\" data-settings=\"{&quot;background_background&quot;:&quot;gradient&quot;}\">\n\t\t\t\t\t\t<div class=\"elementor-container elementor-column-gap-no\">\n\t\t\t\t\t\t\t<div class=\"elementor-row\">\n\t\t\t\t\t<div class=\"elementor-column elementor-col-100 elementor-top-column elementor-element elementor-element-5394722\" data-id=\"5394722\" data-element_type=\"column\">\n\t\t\t<div class=\"elementor-column-wrap elementor-element-populated\">\n\t\t\t\t\t\t\t<div class=\"elementor-widget-wrap\">\n\t\t\t\t\t\t<div class=\"elementor-element elementor-element-f6830e7 elementor-widget elementor-widget-heading\" data-id=\"f6830e7\" data-element_type=\"widget\" data-widget_type=\"heading.default\">\n\t\t\t\t<div class=\"elementor-widget-container\">\n\t\t\t<h2 class=\"elementor-heading-title elementor-size-default\">Sommer 2024<\/h2>\t\t<\/div>\n\t\t\t\t<\/div>\n\t\t\t\t<div class=\"elementor-element elementor-element-5f2ee7b elementor-widget elementor-widget-html\" data-id=\"5f2ee7b\" data-element_type=\"widget\" data-widget_type=\"html.default\">\n\t\t\t\t<div class=\"elementor-widget-container\">\n\t\t\t<table>\n    \n        <tr>\n        <td><\/td>\n      \n        <td>1 Nacht<\/td>\n        <td>ab 2 N\u00e4chte<\/td>\n\n    <\/tr>\n\n    <tr>\n        <td><b>Doppel-\/Dreibettzimmer<\/b><\/td>\n        <td>ab 50,--<\/td>\n        <td>ab 45,--<\/td>\n\n    <\/tr>\n\n        <tr>\n        <td><b>Einzelzimmer<\/b><\/td>\n        <td>ab 52,--<\/td>\n        <td>ab 47,--<\/td>\n\n    <\/tr>\n        <tr>\n        <td><b>Appartement<\/b><\/td>\n        <td>auf Anfrage<\/td>\n        <td>auf Anfrage<\/td>\n\n    <\/tr>\n\n    \n<\/table>\t\t<\/div>\n\t\t\t\t<\/div>\n\t\t\t\t<div class=\"elementor-element elementor-element-c4e13a0 elementor-widget elementor-widget-heading\" data-id=\"c4e13a0\" data-element_type=\"widget\" data-widget_type=\"heading.default\">\n\t\t\t\t<div class=\"elementor-widget-container\">\n\t\t\t<h2 class=\"elementor-heading-title elementor-size-default\">Buchungsinfos<\/h2>\t\t<\/div>\n\t\t\t\t<\/div>\n\t\t\t\t<div class=\"elementor-element elementor-element-23ad582 elementor-widget elementor-widget-text-editor\" data-id=\"23ad582\" data-element_type=\"widget\" data-widget_type=\"text-editor.default\">\n\t\t\t\t<div class=\"elementor-widget-container\">\n\t\t\t\t\t<div class=\"elementor-text-editor elementor-clearfix\"><p><strong>Doppelzimmer \/ Dreibettzimmer:<\/strong> Preis pro Person und Tag inkl. Fr\u00fchst\u00fccksbuffet. Die Ortstaxe ist NICHT inkludiert.<br \/>Mindestbelegung im Doppelzimmer sind mind. 2 Personen.<\/p><p><strong>Einzelzimmer:<\/strong><br \/>Preis pro Tag inkl. Fr\u00fchst\u00fccksbuffet. Die Ortstaxe ist NICHT inkludiert.<\/p><p><strong>Appartement:<\/strong><br \/>Preise pro Tag (f\u00fcr 4 Personen). Die Endreinigung und die Ortstaxe sind NICHT inkludiert.<\/p><p>Die Preise gelten ab einer Aufenthaltsdauer von 7 Tagen.<br \/>Kurzaufenthaltszuschlag zwischen \u20ac 5,- und \u20ac 15,-\u00a0 pro Person und Tag.<br \/>Kindererm\u00e4\u00dfigung nach Vereinbarung.<\/p><p><strong>Anreise:<\/strong><br \/>Bitte planen Sie ein, dass die Zimmer ab 15 Uhr beziehbar sind und bis 18 Uhr reserviert werden.<br \/><span style=\"font-size: 16px; background-color: transparent;\">Sollten Sie sp\u00e4ter als 18 Uhr anreisen bitte um Mitteilung.<\/span><\/p><p><strong>Abreise:<\/strong><br \/>Wir ersuchen Sie um Zimmerfreigabe bis 10 Uhr.<\/p><p><b>Nichtraucherzimmer:<\/b><br \/>Alle unsere Zimmer sind Nichtraucherzimmer.<\/p><p><strong>Buchung:<\/strong><br \/>Ihre Buchung ist nur schriftlich per E-Mail, Fax oder Brief g\u00fcltig<br \/>und wird verbindlich durch Leistung der Anzahlung in der H\u00f6he<br \/>von 30% des Gesamtbetrages oder dem gesamten Rechnungsbetrages.\u00a0<br \/>Bei einer Buchung ab drei Zimmer wird eine Anzahlung von 50% verrechnet.<\/p><p><strong>Stornogeb\u00fchr:<\/strong><br \/>Zuletzt m\u00f6chten wir Sie gerne auf unsere Stornogeb\u00fchr hinweisen:<br \/>30 bis 15 Tage vor Anreise 30% des Gesamtbetrages.<br \/>14 bis 0 Tage vor Anreise 80% des Gesamtbetrages.<br \/>Bei versp\u00e4teter Anreise oder verfr\u00fchter Abreise wird der gesamte,<br \/>gebuchte Aufenthalt in Rechnung gestellt.<\/p><p><strong>Sollten Sie nicht anreisen k\u00f6nnen<\/strong> &#8211; weil die Grenzen geschlossen sind, St. Anton nicht erreichbar ist oder Ihre Heimatgemeinde\/ -stadt sich im &#8222;Lockdown&#8220; befindet, so k\u00f6nnen Sie bis zum Tag der Anreise kostenlos stornieren.<\/p><p><strong>Sollte in Ihrem Land eine Reisewarnung<\/strong> f\u00fcr unsere Region gelten, welche Ihren Reisezeitraum betrifft, und Sie m\u00fcssten nach Ihrer Abreise in Quarant\u00e4ne, ist Ihre Buchung ebenfalls kostenfrei stornierbar.<\/p><p><strong>Wenn unsere Unterkunft allerdings erreichbar ist<\/strong>, Sie aber aufgrund der aktuellen Situation nicht anreisen m\u00f6chten, dann fallen Stornokosten an, au\u00dfer es handelt sich um einen Corona-Verdachtsfall bzw. best\u00e4tigten Fall ihrerseits oder in der Familie etc., dieser w\u00e4re dann wiederum in der Reisestornoversicherung mitversichert. Erkundigen Sie sich bitte dahingehend bei Ihrer Reiseversicherung!<\/p><p><strong>Und wenn doch etwas dazwischen kommt?<\/strong><\/p><p>Unn\u00f6tige Kosten und den damit verbundenen \u00c4rger m\u00f6chten wir Ihnen gerne ersparen. Daher empfehlen wir den Abschluss einer <a href=\"https:\/\/start.europaeische.at\/\"><strong>Reiser\u00fccktrittsversicherung<\/strong><\/a>, um Ihren Urlaub sorglos gestalten zu k\u00f6nnen. <a href=\"https:\/\/www.europaeische.at\/service\/reisemagazin\/artikel\/information-zum-neuartigen-coronavirus-covid-19-und-zur-stornoversicherung\/\"><b>Hier<\/b><\/a> finden Sie auch Informationen falls Sie Ihre Reise im Zusammenhang mit Covid\u201319 nicht antreten k\u00f6nnen.<\/p><p>Wir akteptieren keine Kredit- und Bankomatkarten, nur Barzahlung m\u00f6glich.<\/p><p><strong>Bankverbindung:<\/strong><br \/>Raiffeisenbank Arlberg Silvretta<br \/>Dorfstrasse 24<br \/>A-6580 St. Anton am Arlberg<br \/>Kontoinhaber: Strolz Andreas<br \/>BLZ: 38248<br \/><span style=\"font-size: 16px; background-color: transparent;\">Kontonummer:\u00a0<\/span><span style=\"background-color: transparent;\">992016<\/span><span style=\"background-color: transparent; font-size: 16px;\">\u00a0<br \/><\/span><span style=\"background-color: transparent; font-size: 16px;\">IBAN: AT75 3624 8000 0099 2016<br \/><\/span><span style=\"background-color: transparent; font-size: 16px;\">BIC\/Swift:\u00a0<\/span><span style=\"background-color: transparent;\">RZTIAT22248<\/span><\/p><p>Weiters m\u00f6chten wir Sie darauf hinweisen, dass keine Haustiere erlaubt sind.<br \/>jegliche Preis\u00e4nderungen vorbehalten<\/p><\/div>\n\t\t\t\t<\/div>\n\t\t\t\t<\/div>\n\t\t\t\t\t\t<\/div>\n\t\t\t\t\t<\/div>\n\t\t<\/div>\n\t\t\t\t\t\t\t\t<\/div>\n\t\t\t\t\t<\/div>\n\t\t<\/section>\n\t\t\t\t\t\t<\/div>\n\t\t\t\t\t\t<\/div>\n\t\t\t\t\t<\/div>\n\t\t","protected":false},"excerpt":{"rendered":"<p>Preise Winter 2025\/26 Neujahr &amp; Fasching Winter I Winter II Winter III 27.12.2025 \u2013 03.01.2026 14.02.2026 \u2013 21.02.2026 20.12.2025 \u2013 27.12.2025 24.01.2026 \u2013 14.02.2026 21.02.2026 \u2013 21.03.2026 13.12.2025 \u2013 20.12.2025 03.01.2026 \u2013 24.01.2026 21.03.2026 \u2013 04.04.2026 01.12.2025 \u2013 13.12.2025 04.04.2026 \u2013 19.04.2026 Doppel- \/Dreibettzimmer ab 63,&#8211; ab 61,&#8211; ab 58,&#8211; ab 53,&#8211; Einzelzimmer ab 68,&#8211; &hellip;<\/p>\n<p class=\"read-more\"> <a class=\"\" href=\"https:\/\/www.arlenweg.com\/de\/preise-2\/\"> <span class=\"screen-reader-text\">Preise<\/span> Weiterlesen &raquo;<\/a><\/p>\n","protected":false},"author":1,"featured_media":0,"parent":0,"menu_order":0,"comment_status":"closed","ping_status":"closed","template":"","meta":[],"_links":{"self":[{"href":"https:\/\/www.arlenweg.com\/de\/wp-json\/wp\/v2\/pages\/361"}],"collection":[{"href":"https:\/\/www.arlenweg.com\/de\/wp-json\/wp\/v2\/pages"}],"about":[{"href":"https:\/\/www.arlenweg.com\/de\/wp-json\/wp\/v2\/types\/page"}],"author":[{"embeddable":true,"href":"https:\/\/www.arlenweg.com\/de\/wp-json\/wp\/v2\/users\/1"}],"replies":[{"embeddable":true,"href":"https:\/\/www.arlenweg.com\/de\/wp-json\/wp\/v2\/comments?post=361"}],"version-history":[{"count":68,"href":"https:\/\/www.arlenweg.com\/de\/wp-json\/wp\/v2\/pages\/361\/revisions"}],"predecessor-version":[{"id":820,"href":"https:\/\/www.arlenweg.com\/de\/wp-json\/wp\/v2\/pages\/361\/revisions\/820"}],"wp:attachment":[{"href":"https:\/\/www.arlenweg.com\/de\/wp-json\/wp\/v2\/media?parent=361"}],"curies":[{"name":"wp","href":"https:\/\/api.w.org\/{rel}","templated":true}]}}